{"id":278,"date":"2025-04-24T11:54:29","date_gmt":"2025-04-24T09:54:29","guid":{"rendered":"https:\/\/shg-schlaganfall-ulm.de\/?page_id=278"},"modified":"2025-04-24T11:54:35","modified_gmt":"2025-04-24T09:54:35","slug":"schlaganfall","status":"publish","type":"page","link":"https:\/\/shg-schlaganfall-ulm.de\/?page_id=278","title":{"rendered":"Schlaganfall"},"content":{"rendered":"\n<p>Ein <strong>Schlaganfall<\/strong> (medizinisch: Apoplex oder zerebrovaskul\u00e4rer Insult) ist eine pl\u00f6tzliche Unterbrechung der Blutzufuhr zu einem Teil des Gehirns, die zu einem Sauerstoffmangel und damit zu Sch\u00e4den oder Absterben von Gehirnzellen f\u00fchrt. Er kann zwei Hauptformen haben:<\/p>\n\n\n\n<ol class=\"wp-block-list\">\n<li><strong>Isch\u00e4mischer Schlaganfall<\/strong> (ca. 80-85 %):<br>Verursacht durch ein blockiertes Blutgef\u00e4\u00df, z. B. durch ein Blutgerinnsel (Thrombose oder Embolie). Dadurch wird ein Gehirnbereich nicht mehr mit Sauerstoff versorgt.<\/li>\n\n\n\n<li><strong>H\u00e4morrhagischer Schlaganfall<\/strong> (ca. 15-20 %):<br>Ausgel\u00f6st durch eine Blutung im Gehirn, z. B. durch ein geplatztes Gef\u00e4\u00df oder Aneurysma. Die Blutung sch\u00e4digt das Gehirn direkt oder durch Druck.<\/li>\n<\/ol>\n\n\n\n<p><strong>Symptome<\/strong> treten pl\u00f6tzlich auf und umfassen:<\/p>\n\n\n\n<ul class=\"wp-block-list\">\n<li>L\u00e4hmungen oder Taubheit (oft einseitig, z. B. Arm, Bein, Gesicht),<\/li>\n\n\n\n<li>Sprach- oder Verst\u00e4ndnisprobleme,<\/li>\n\n\n\n<li>Sehst\u00f6rungen,<\/li>\n\n\n\n<li>Schwindel, Gleichgewichtsverlust,<\/li>\n\n\n\n<li>starke Kopfschmerzen (besonders bei h\u00e4morrhagischem Schlaganfall).<\/li>\n<\/ul>\n\n\n\n<p>Ein Schlaganfall ist ein <strong>medizinischer Notfall<\/strong>, da schnelle Behandlung (z. B. Thrombose-L\u00f6sung oder Blutungsstopp) die Sch\u00e4den minimieren kann. Risikofaktoren wie Bluthochdruck, Rauchen oder Diabetes erh\u00f6hen die Wahrscheinlichkeit.<\/p>\n","protected":false},"excerpt":{"rendered":"<p>Ein Schlaganfall (medizinisch: Apoplex oder zerebrovaskul\u00e4rer Insult) ist eine pl\u00f6tzliche Unterbrechung der Blutzufuhr zu einem Teil des Gehirns, die zu einem Sauerstoffmangel und damit zu Sch\u00e4den oder Absterben von Gehirnzellen f\u00fchrt. Er kann zwei Hauptformen haben: Symptome treten pl\u00f6tzlich auf und umfassen: Ein Schlaganfall ist ein medizinischer Notfall, da schnelle Behandlung (z. B. Thrombose-L\u00f6sung oder [&hellip;]<\/p>\n","protected":false},"author":1,"featured_media":0,"parent":0,"menu_order":0,"comment_status":"closed","ping_status":"closed","template":"","meta":{"_mc_calendar":[],"footnotes":""},"class_list":["post-278","page","type-page","status-publish","hentry"],"_links":{"self":[{"href":"https:\/\/shg-schlaganfall-ulm.de\/index.php?rest_route=\/wp\/v2\/pages\/278","targetHints":{"allow":["GET"]}}],"collection":[{"href":"https:\/\/shg-schlaganfall-ulm.de\/index.php?rest_route=\/wp\/v2\/pages"}],"about":[{"href":"https:\/\/shg-schlaganfall-ulm.de\/index.php?rest_route=\/wp\/v2\/types\/page"}],"author":[{"embeddable":true,"href":"https:\/\/shg-schlaganfall-ulm.de\/index.php?rest_route=\/wp\/v2\/users\/1"}],"replies":[{"embeddable":true,"href":"https:\/\/shg-schlaganfall-ulm.de\/index.php?rest_route=%2Fwp%2Fv2%2Fcomments&post=278"}],"version-history":[{"count":1,"href":"https:\/\/shg-schlaganfall-ulm.de\/index.php?rest_route=\/wp\/v2\/pages\/278\/revisions"}],"predecessor-version":[{"id":279,"href":"https:\/\/shg-schlaganfall-ulm.de\/index.php?rest_route=\/wp\/v2\/pages\/278\/revisions\/279"}],"wp:attachment":[{"href":"https:\/\/shg-schlaganfall-ulm.de\/index.php?rest_route=%2Fwp%2Fv2%2Fmedia&parent=278"}],"curies":[{"name":"wp","href":"https:\/\/api.w.org\/{rel}","templated":true}]}}