{"id":276,"date":"2025-04-24T11:53:07","date_gmt":"2025-04-24T09:53:07","guid":{"rendered":"https:\/\/shg-schlaganfall-ulm.de\/?page_id=276"},"modified":"2025-04-24T11:55:48","modified_gmt":"2025-04-24T09:55:48","slug":"ursachen","status":"publish","type":"page","link":"https:\/\/shg-schlaganfall-ulm.de\/?page_id=276","title":{"rendered":"Ursachen"},"content":{"rendered":"\n<p>Die h\u00e4ufigsten Ursachen von Schlaganf\u00e4llen sind:<\/p>\n\n\n\n<ol class=\"wp-block-list\">\n<li><strong>Isch\u00e4mischer Schlaganfall<\/strong> (ca. 80-85 % der F\u00e4lle):\n<ul class=\"wp-block-list\">\n<li><strong>Thrombose<\/strong>: Ein Blutgerinnsel bildet sich in einer Arterie im Gehirn, oft durch Arteriosklerose (Plaquebildung).<\/li>\n\n\n\n<li><strong>Embolie<\/strong>: Ein Gerinnsel oder anderes Material (z. B. Fett, Luft) wird aus einer anderen K\u00f6rperregion (z. B. Herz bei Vorhofflimmern) ins Gehirn gesp\u00fclt und blockiert ein Gef\u00e4\u00df.<\/li>\n<\/ul>\n<\/li>\n\n\n\n<li><strong>H\u00e4morrhagischer Schlaganfall<\/strong> (ca. 15-20 % der F\u00e4lle):\n<ul class=\"wp-block-list\">\n<li><strong>Hirnblutung<\/strong>: Platzen eines Blutgef\u00e4\u00dfes im Gehirn, oft durch hohen Blutdruck oder ein Aneurysma.<\/li>\n\n\n\n<li><strong>Subarachnoidalblutung<\/strong>: Blutung in den Raum zwischen Gehirn und Sch\u00e4del, meist durch ein geplatztes Aneurysma.<\/li>\n<\/ul>\n<\/li>\n\n\n\n<li><strong>Risikofaktoren<\/strong>, die Schlaganf\u00e4lle beg\u00fcnstigen:\n<ul class=\"wp-block-list\">\n<li><strong>Bluthochdruck<\/strong> (Hypertonie): Hauptursache, da er Gef\u00e4\u00dfe sch\u00e4digt.<\/li>\n\n\n\n<li><strong>Rauchen<\/strong>: F\u00f6rdert Gef\u00e4\u00dfverengung und Gerinnselbildung.<\/li>\n\n\n\n<li><strong>Diabetes<\/strong>: Sch\u00e4digt Blutgef\u00e4\u00dfe und erh\u00f6ht das Risiko f\u00fcr Arteriosklerose.<\/li>\n\n\n\n<li><strong>Hoher Cholesterinspiegel<\/strong>: Tr\u00e4gt zu Plaquebildung bei.<\/li>\n\n\n\n<li><strong>Herzkrankheiten<\/strong>: Vorhofflimmern oder andere Herzprobleme k\u00f6nnen Embolien verursachen.<\/li>\n\n\n\n<li><strong>\u00dcbergewicht, Bewegungsmangel, ungesunde Ern\u00e4hrung<\/strong>: Erh\u00f6hen indirekt das Risiko.<\/li>\n\n\n\n<li><strong>Alkohol- und Drogenkonsum<\/strong>: Besonders Kokain kann Gef\u00e4\u00dfe sch\u00e4digen.<\/li>\n\n\n\n<li><strong>Alter und Genetik<\/strong>: H\u00f6heres Risiko ab 55 Jahren oder bei famili\u00e4rer Vorbelastung.<\/li>\n<\/ul>\n<\/li>\n<\/ol>\n\n\n\n<p>Pr\u00e4vention durch Kontrolle der Risikofaktoren (z. B. Blutdruckmanagement, gesunder Lebensstil) ist entscheidend.<\/p>\n\n\n\n<p><\/p>\n","protected":false},"excerpt":{"rendered":"<p>Die h\u00e4ufigsten Ursachen von Schlaganf\u00e4llen sind: Pr\u00e4vention durch Kontrolle der Risikofaktoren (z. B. Blutdruckmanagement, gesunder Lebensstil) ist entscheidend.<\/p>\n","protected":false},"author":1,"featured_media":0,"parent":0,"menu_order":1,"comment_status":"closed","ping_status":"closed","template":"","meta":{"_mc_calendar":[],"footnotes":""},"class_list":["post-276","page","type-page","status-publish","hentry"],"_links":{"self":[{"href":"https:\/\/shg-schlaganfall-ulm.de\/index.php?rest_route=\/wp\/v2\/pages\/276","targetHints":{"allow":["GET"]}}],"collection":[{"href":"https:\/\/shg-schlaganfall-ulm.de\/index.php?rest_route=\/wp\/v2\/pages"}],"about":[{"href":"https:\/\/shg-schlaganfall-ulm.de\/index.php?rest_route=\/wp\/v2\/types\/page"}],"author":[{"embeddable":true,"href":"https:\/\/shg-schlaganfall-ulm.de\/index.php?rest_route=\/wp\/v2\/users\/1"}],"replies":[{"embeddable":true,"href":"https:\/\/shg-schlaganfall-ulm.de\/index.php?rest_route=%2Fwp%2Fv2%2Fcomments&post=276"}],"version-history":[{"count":1,"href":"https:\/\/shg-schlaganfall-ulm.de\/index.php?rest_route=\/wp\/v2\/pages\/276\/revisions"}],"predecessor-version":[{"id":277,"href":"https:\/\/shg-schlaganfall-ulm.de\/index.php?rest_route=\/wp\/v2\/pages\/276\/revisions\/277"}],"wp:attachment":[{"href":"https:\/\/shg-schlaganfall-ulm.de\/index.php?rest_route=%2Fwp%2Fv2%2Fmedia&parent=276"}],"curies":[{"name":"wp","href":"https:\/\/api.w.org\/{rel}","templated":true}]}}