{"id":249,"date":"2024-10-28T11:35:35","date_gmt":"2024-10-28T10:35:35","guid":{"rendered":"https:\/\/shg-schlaganfall-ulm.de\/?page_id=249"},"modified":"2024-10-28T14:37:19","modified_gmt":"2024-10-28T13:37:19","slug":"kort-x","status":"publish","type":"page","link":"https:\/\/shg-schlaganfall-ulm.de\/?page_id=249","title":{"rendered":"Kort.x\u00ae"},"content":{"rendered":"\n<p>Das Kort.x\u00ae Gehirntraining kann nach einem Schlaganfall eine wertvolle Unterst\u00fctzung sein. Es bietet eine Reihe von \u00dcbungen, die speziell darauf ausgerichtet sind, die durch den Schlaganfall beeintr\u00e4chtigten kognitiven Funktionen wiederherzustellen oder zu verbessern.<\/p>\n\n\n\n<p><strong>Wie kann das Kort.x\u00ae Gehirntraining helfen?<\/strong><\/p>\n\n\n\n<ul class=\"wp-block-list\">\n<li><strong>Individuelle Anpassung:<\/strong> Die \u00dcbungen werden in der Regel an die individuellen Bed\u00fcrfnisse und F\u00e4higkeiten des Patienten angepasst.<\/li>\n\n\n\n<li><strong>Vielf\u00e4ltige \u00dcbungen:<\/strong> Es gibt eine gro\u00dfe Bandbreite an \u00dcbungen, die verschiedene Bereiche des Gehirns ansprechen, wie zum Beispiel:\n<ul class=\"wp-block-list\">\n<li><strong>Aufmerksamkeit und Konzentration:<\/strong> \u00dcbungen zur Verbesserung der F\u00e4higkeit, sich auf bestimmte Aufgaben zu konzentrieren und Ablenkungen zu ignorieren.<\/li>\n\n\n\n<li><strong>Ged\u00e4chtnis:<\/strong> \u00dcbungen zur St\u00e4rkung des Kurzzeit- und Langzeitged\u00e4chtnisses.<\/li>\n\n\n\n<li><strong>Visuell-r\u00e4umliche F\u00e4higkeiten:<\/strong> \u00dcbungen zur Verbesserung der F\u00e4higkeit, r\u00e4umliche Beziehungen wahrzunehmen und zu verstehen.<\/li>\n<\/ul>\n<\/li>\n\n\n\n<li><strong>Regelm\u00e4\u00dfiges Training:<\/strong> Durch regelm\u00e4\u00dfiges Training k\u00f6nnen die kognitiven F\u00e4higkeiten kontinuierlich verbessert werden.<\/li>\n\n\n\n<li><strong>Motivation und Unterst\u00fctzung:<\/strong> Das Training kann motivierend wirken und dazu beitragen, die Selbstst\u00e4ndigkeit und das Selbstvertrauen zu st\u00e4rken.<\/li>\n<\/ul>\n\n\n\n<p><strong>Wie funktioniert das Kort.x\u00ae Gehirntraining?<\/strong><\/p>\n\n\n\n<p>Das Training findet in der Regel online oder in Gruppen VorOrt statt. Es besteht aus verschiedenen Aufgaben und Spielen, die Spa\u00df machen und gleichzeitig das Gehirn herausfordern. Die Fortschritte werden aufgezeichnet und k\u00f6nnen mit dem Trainer*innen besprochen werden.<\/p>\n\n\n\n<p><strong>Wichtig:<\/strong><\/p>\n\n\n\n<ul class=\"wp-block-list\">\n<li><strong>Erg\u00e4nzung zur Therapie:<\/strong> Das Kort.x\u00ae Gehirntraining ist eine Erg\u00e4nzung zur medizinischen Behandlung und sollte nicht als Ersatz daf\u00fcr angesehen werden.<\/li>\n\n\n\n<li><strong>Professionelle Beratung:<\/strong> Es ist wichtig, vor Beginn des Trainings einen Arzt oder Therapeuten zu konsultieren, um sicherzustellen, dass es f\u00fcr den individuellen Fall geeignet ist.<\/li>\n<\/ul>\n\n\n\n<p><strong>Fazit:<\/strong><\/p>\n\n\n\n<p>Das Kort.x\u00ae Gehirntraining kann eine wertvolle Unterst\u00fctzung bei der Rehabilitation nach einem Schlaganfall sein. Es bietet eine M\u00f6glichkeit, die kognitiven F\u00e4higkeiten gezielt zu trainieren und die Lebensqualit\u00e4t zu verbessern.<\/p>\n\n\n\n<p>Empfehlung, du m\u00f6chtest Kort.x f\u00fcr dich ausprobieren, ganz einfach online, zu Terminen die f\u00fcr dich passen, dann melde dich doch bei <a href=\"https:\/\/www.kopf.fitness\" target=\"_blank\" rel=\"noopener\">Kopf.fitness<\/a><\/p>\n\n\n\n<p>Pers\u00f6nliche Erfahrung aus unserer SHG:<br>&#8222;In nur 8 Wochen konnte ich meine M\u00fcdigkeit (Post Stroke Fatique) fast vollst\u00e4ndig \u00fcberwinden und meine kognitive Leistung, anhand eines Eingangs- und Abschlusstest, um 12% steigern&#8220; (Ralf, m, 44)<\/p>\n","protected":false},"excerpt":{"rendered":"<p>Das Kort.x\u00ae Gehirntraining kann nach einem Schlaganfall eine wertvolle Unterst\u00fctzung sein. Es bietet eine Reihe von \u00dcbungen, die speziell darauf ausgerichtet sind, die durch den Schlaganfall beeintr\u00e4chtigten kognitiven Funktionen wiederherzustellen oder zu verbessern. Wie kann das Kort.x\u00ae Gehirntraining helfen? Wie funktioniert das Kort.x\u00ae Gehirntraining? Das Training findet in der Regel online oder in Gruppen VorOrt [&hellip;]<\/p>\n","protected":false},"author":1,"featured_media":0,"parent":0,"menu_order":5,"comment_status":"closed","ping_status":"closed","template":"","meta":{"_mc_calendar":[],"footnotes":""},"class_list":["post-249","page","type-page","status-publish","hentry"],"_links":{"self":[{"href":"https:\/\/shg-schlaganfall-ulm.de\/index.php?rest_route=\/wp\/v2\/pages\/249","targetHints":{"allow":["GET"]}}],"collection":[{"href":"https:\/\/shg-schlaganfall-ulm.de\/index.php?rest_route=\/wp\/v2\/pages"}],"about":[{"href":"https:\/\/shg-schlaganfall-ulm.de\/index.php?rest_route=\/wp\/v2\/types\/page"}],"author":[{"embeddable":true,"href":"https:\/\/shg-schlaganfall-ulm.de\/index.php?rest_route=\/wp\/v2\/users\/1"}],"replies":[{"embeddable":true,"href":"https:\/\/shg-schlaganfall-ulm.de\/index.php?rest_route=%2Fwp%2Fv2%2Fcomments&post=249"}],"version-history":[{"count":4,"href":"https:\/\/shg-schlaganfall-ulm.de\/index.php?rest_route=\/wp\/v2\/pages\/249\/revisions"}],"predecessor-version":[{"id":255,"href":"https:\/\/shg-schlaganfall-ulm.de\/index.php?rest_route=\/wp\/v2\/pages\/249\/revisions\/255"}],"wp:attachment":[{"href":"https:\/\/shg-schlaganfall-ulm.de\/index.php?rest_route=%2Fwp%2Fv2%2Fmedia&parent=249"}],"curies":[{"name":"wp","href":"https:\/\/api.w.org\/{rel}","templated":true}]}}