{"id":21,"date":"2023-08-25T14:47:48","date_gmt":"2023-08-25T12:47:48","guid":{"rendered":"https:\/\/shg-schlaganfall-ulm.de\/?page_id=21"},"modified":"2025-04-24T11:56:00","modified_gmt":"2025-04-24T09:56:00","slug":"shg-schlaganfall-ulm","status":"publish","type":"page","link":"https:\/\/shg-schlaganfall-ulm.de\/?page_id=21","title":{"rendered":"Ergotherapie"},"content":{"rendered":"\n<p>Die Ergotherapie nach einem Schlaganfall ist von gro\u00dfer Bedeutung, da sie dazu dient, die Lebensqualit\u00e4t und die Unabh\u00e4ngigkeit der Betroffenen wiederherzustellen. Durch gezielte \u00dcbungen und Aktivit\u00e4ten hilft die Ergotherapie dabei, motorische F\u00e4higkeiten zu verbessern, feinmotorische Bewegungen zu schulen und die Alltagskompetenzen wiederzuerlangen. Dies kann sowohl k\u00f6rperliche als auch kognitive Beeintr\u00e4chtigungen ansprechen und den Betroffenen dabei helfen, wieder am gesellschaftlichen Leben teilzunehmen. Die individuelle Herangehensweise der Ergotherapie unterst\u00fctzt Patienten dabei, ihre Selbstst\u00e4ndigkeit zur\u00fcckzugewinnen und ein h\u00f6heres Ma\u00df an Autonomie zu erreichen.<\/p>\n\n\n\n<p>Empfehlungen<\/p>\n\n\n\n<p><a href=\"https:\/\/www.smartgames.eu\/de\/kollektion\/iq-reihe\" target=\"_blank\" rel=\"noopener\">Smart Games IQ Reihe<\/a><\/p>\n\n\n\n<p><a href=\"https:\/\/training.mental-aktiv.de\/uebungen-klassisch\" target=\"_blank\" rel=\"noopener\">Mental Aktiv monatliche kostenloses Ged\u00e4chtnistraining zum download\/ausdrucken<\/a><\/p>\n","protected":false},"excerpt":{"rendered":"<p>Die Ergotherapie nach einem Schlaganfall ist von gro\u00dfer Bedeutung, da sie dazu dient, die Lebensqualit\u00e4t und die Unabh\u00e4ngigkeit der Betroffenen wiederherzustellen. Durch gezielte \u00dcbungen und Aktivit\u00e4ten hilft die Ergotherapie dabei, motorische F\u00e4higkeiten zu verbessern, feinmotorische Bewegungen zu schulen und die Alltagskompetenzen wiederzuerlangen. Dies kann sowohl k\u00f6rperliche als auch kognitive Beeintr\u00e4chtigungen ansprechen und den Betroffenen dabei [&hellip;]<\/p>\n","protected":false},"author":1,"featured_media":0,"parent":0,"menu_order":3,"comment_status":"closed","ping_status":"closed","template":"","meta":{"_mc_calendar":[],"footnotes":""},"class_list":["post-21","page","type-page","status-publish","hentry"],"_links":{"self":[{"href":"https:\/\/shg-schlaganfall-ulm.de\/index.php?rest_route=\/wp\/v2\/pages\/21","targetHints":{"allow":["GET"]}}],"collection":[{"href":"https:\/\/shg-schlaganfall-ulm.de\/index.php?rest_route=\/wp\/v2\/pages"}],"about":[{"href":"https:\/\/shg-schlaganfall-ulm.de\/index.php?rest_route=\/wp\/v2\/types\/page"}],"author":[{"embeddable":true,"href":"https:\/\/shg-schlaganfall-ulm.de\/index.php?rest_route=\/wp\/v2\/users\/1"}],"replies":[{"embeddable":true,"href":"https:\/\/shg-schlaganfall-ulm.de\/index.php?rest_route=%2Fwp%2Fv2%2Fcomments&post=21"}],"version-history":[{"count":8,"href":"https:\/\/shg-schlaganfall-ulm.de\/index.php?rest_route=\/wp\/v2\/pages\/21\/revisions"}],"predecessor-version":[{"id":280,"href":"https:\/\/shg-schlaganfall-ulm.de\/index.php?rest_route=\/wp\/v2\/pages\/21\/revisions\/280"}],"wp:attachment":[{"href":"https:\/\/shg-schlaganfall-ulm.de\/index.php?rest_route=%2Fwp%2Fv2%2Fmedia&parent=21"}],"curies":[{"name":"wp","href":"https:\/\/api.w.org\/{rel}","templated":true}]}}