{"id":189,"date":"2024-02-23T10:38:44","date_gmt":"2024-02-23T09:38:44","guid":{"rendered":"https:\/\/shg-schlaganfall-ulm.de\/?page_id=189"},"modified":"2025-04-24T11:56:07","modified_gmt":"2025-04-24T09:56:07","slug":"neuropsychologie","status":"publish","type":"page","link":"https:\/\/shg-schlaganfall-ulm.de\/?page_id=189","title":{"rendered":"Neuropsychologie"},"content":{"rendered":"\n<p>Ein Neuropsychologe ist ein Psychologe, der sich auf die Beziehung zwischen dem Gehirn und dem Verhalten spezialisiert hat. Er untersucht und behandelt Patienten, die durch eine Hirnsch\u00e4digung, wie zum Beispiel einen Schlaganfall, kognitive, emotionale oder soziale Beeintr\u00e4chtigungen erleiden. Ein Neuropsychologe kann nach einem Schlaganfall helfen, indem er:<\/p>\n\n\n\n<ul class=\"wp-block-list\">\n<li><a href=\"https:\/\/schlaganfallbegleitung.de\/nachsorge\/neuropsychologie\" target=\"_blank\" rel=\"noopener\">Eine neuropsychologische Untersuchung durchf\u00fchrt, um die St\u00e4rken und Schw\u00e4chen der Hirnfunktionen zu ermitteln, wie zum Beispiel Aufmerksamkeit, Ged\u00e4chtnis, Sprache, Logik, Motorik und Wahrnehmung<\/a><a href=\"https:\/\/schlaganfallbegleitung.de\/nachsorge\/neuropsychologie\" target=\"_blank\" rel=\"noreferrer noopener\"><sup>1<\/sup><\/a>.<\/li>\n\n\n\n<li>Eine neuropsychologische Therapie anbietet, um die Folgen des Schlaganfalls wie L\u00e4hmungen, Sprachst\u00f6rungen, Ged\u00e4chtnisprobleme und Depressionen zu lindern. <a href=\"https:\/\/schlaganfallbegleitung.de\/nachsorge\/neuropsychologie\" target=\"_blank\" rel=\"noopener\">Die Therapie kann Funktionstraining, Kompensationstraining, Verhaltenstherapie oder Entspannungstechniken umfassen<\/a><a href=\"https:\/\/schlaganfallbegleitung.de\/nachsorge\/neurologe-praxis\" target=\"_blank\" rel=\"noreferrer noopener\"><sup>2<\/sup><\/a>.<\/li>\n\n\n\n<li>Den Patienten und seinen Angeh\u00f6rigen beratend und unterst\u00fctzend zur Seite steht, um sich auf die R\u00fcckkehr nach Hause und das Alltagsleben vorzubereiten. <a href=\"https:\/\/schlaganfallbegleitung.de\/nachsorge\/neuropsychologie\" target=\"_blank\" rel=\"noopener\">Er kann auch bei der Anpassung des Lebensstils, der Vorbeugung eines erneuten Schlaganfalls, der Wiedereingliederung in den Beruf oder der Beantragung einer weiteren Rehabilitation helfen<\/a><a href=\"https:\/\/bing.com\/search?q=was+macht+ein+Neuropshychologe+und+wie+kann+dieser+nach+einem+Schlaganfall+helfen\" target=\"_blank\" rel=\"noreferrer noopener\"><sup>3<\/sup><\/a><a href=\"https:\/\/www.gesundheitsinformation.de\/schlaganfall-rehabilitation-und-rueckkehr-in-den-alltag.html\" target=\"_blank\" rel=\"noreferrer noopener\"><sup>4<\/sup><\/a>.<\/li>\n<\/ul>\n\n\n\n<p><a href=\"https:\/\/schlaganfallbegleitung.de\/folgen\/neuropsychologische-symptome\" target=\"_blank\" rel=\"noreferrer noopener\">Ein Neuropsychologe arbeitet eng mit anderen Fachleuten zusammen, wie zum Beispiel Neurologen, Physiotherapeuten, Logop\u00e4den, Ergotherapeuten, Stroke Nurses und Selbsthilfegruppen, um eine optimale Versorgung und Begleitung der Schlaganfall-Patienten zu gew\u00e4hrleisten<\/a><a href=\"https:\/\/schlaganfallbegleitung.de\/folgen\/neuropsychologische-symptome\" target=\"_blank\" rel=\"noreferrer noopener\"><sup>5<\/sup><\/a>. \ud83e\udde0<\/p>\n","protected":false},"excerpt":{"rendered":"<p>Ein Neuropsychologe ist ein Psychologe, der sich auf die Beziehung zwischen dem Gehirn und dem Verhalten spezialisiert hat. Er untersucht und behandelt Patienten, die durch eine Hirnsch\u00e4digung, wie zum Beispiel einen Schlaganfall, kognitive, emotionale oder soziale Beeintr\u00e4chtigungen erleiden. Ein Neuropsychologe kann nach einem Schlaganfall helfen, indem er: Ein Neuropsychologe arbeitet eng mit anderen Fachleuten zusammen, [&hellip;]<\/p>\n","protected":false},"author":1,"featured_media":0,"parent":0,"menu_order":4,"comment_status":"closed","ping_status":"closed","template":"","meta":{"_mc_calendar":[],"footnotes":""},"class_list":["post-189","page","type-page","status-publish","hentry"],"_links":{"self":[{"href":"https:\/\/shg-schlaganfall-ulm.de\/index.php?rest_route=\/wp\/v2\/pages\/189","targetHints":{"allow":["GET"]}}],"collection":[{"href":"https:\/\/shg-schlaganfall-ulm.de\/index.php?rest_route=\/wp\/v2\/pages"}],"about":[{"href":"https:\/\/shg-schlaganfall-ulm.de\/index.php?rest_route=\/wp\/v2\/types\/page"}],"author":[{"embeddable":true,"href":"https:\/\/shg-schlaganfall-ulm.de\/index.php?rest_route=\/wp\/v2\/users\/1"}],"replies":[{"embeddable":true,"href":"https:\/\/shg-schlaganfall-ulm.de\/index.php?rest_route=%2Fwp%2Fv2%2Fcomments&post=189"}],"version-history":[{"count":1,"href":"https:\/\/shg-schlaganfall-ulm.de\/index.php?rest_route=\/wp\/v2\/pages\/189\/revisions"}],"predecessor-version":[{"id":190,"href":"https:\/\/shg-schlaganfall-ulm.de\/index.php?rest_route=\/wp\/v2\/pages\/189\/revisions\/190"}],"wp:attachment":[{"href":"https:\/\/shg-schlaganfall-ulm.de\/index.php?rest_route=%2Fwp%2Fv2%2Fmedia&parent=189"}],"curies":[{"name":"wp","href":"https:\/\/api.w.org\/{rel}","templated":true}]}}